{"id":11063,"date":"2024-04-08T17:04:48","date_gmt":"2024-04-08T21:04:48","guid":{"rendered":"https:\/\/cflri.ca\/en-vedette\/divers-groupes-de-population\/older-adults\/"},"modified":"2025-09-10T12:03:15","modified_gmt":"2025-09-10T16:03:15","slug":"adultes-plus-ages","status":"publish","type":"page","link":"https:\/\/cflri.ca\/fr\/en-vedette\/divers-groupes-de-population\/adultes-plus-ages\/","title":{"rendered":"Adultes plus \u00e2g\u00e9s"},"content":{"rendered":"[vc_row type=\u00a0\u00bbfull_width_background\u00a0\u00bb full_screen_row_position=\u00a0\u00bbmiddle\u00a0\u00bb column_margin=\u00a0\u00bbdefault\u00a0\u00bb column_direction=\u00a0\u00bbdefault\u00a0\u00bb column_direction_tablet=\u00a0\u00bbdefault\u00a0\u00bb column_direction_phone=\u00a0\u00bbdefault\u00a0\u00bb bg_color=\u00a0\u00bb#333333&Prime; bg_image=\u00a0\u00bb7489&Prime; bg_position=\u00a0\u00bbcustom\u00a0\u00bb bg_position_x=\u00a0\u00bb50%\u00a0\u00bb bg_position_y=\u00a0\u00bb25%\u00a0\u00bb background_image_loading=\u00a0\u00bbdefault\u00a0\u00bb bg_repeat=\u00a0\u00bbno-repeat\u00a0\u00bb scene_position=\u00a0\u00bbcenter\u00a0\u00bb top_padding=\u00a0\u00bb300px\u00a0\u00bb bottom_padding=\u00a0\u00bb250px\u00a0\u00bb top_padding_tablet=\u00a0\u00bb25%\u00a0\u00bb constrain_group_3=\u00a0\u00bbyes\u00a0\u00bb bottom_padding_tablet=\u00a0\u00bb25%\u00a0\u00bb top_padding_phone=\u00a0\u00bb35%\u00a0\u00bb constrain_group_5=\u00a0\u00bbyes\u00a0\u00bb bottom_padding_phone=\u00a0\u00bb35%\u00a0\u00bb text_color=\u00a0\u00bblight\u00a0\u00bb text_align=\u00a0\u00bbcenter\u00a0\u00bb row_border_radius=\u00a0\u00bbnone\u00a0\u00bb row_border_radius_applies=\u00a0\u00bbbg\u00a0\u00bb overflow=\u00a0\u00bbvisible\u00a0\u00bb color_overlay=\u00a0\u00bbrgba(0,0,0,0.3)\u00a0\u00bb overlay_strength=\u00a0\u00bb1&Prime; gradient_direction=\u00a0\u00bbleft_b_to_right_t\u00a0\u00bb shape_divider_position=\u00a0\u00bbbottom\u00a0\u00bb bg_image_animation=\u00a0\u00bbnone\u00a0\u00bb parallax_bg=\u00a0\u00bbtrue\u00a0\u00bb parallax_bg_speed=\u00a0\u00bbfast\u00a0\u00bb gradient_type=\u00a0\u00bbdefault\u00a0\u00bb shape_type=\u00a0\u00bbcurve\u00a0\u00bb][vc_column column_padding=\u00a0\u00bbno-extra-padding\u00a0\u00bb column_padding_tablet=\u00a0\u00bbinherit\u00a0\u00bb column_padding_phone=\u00a0\u00bbinherit\u00a0\u00bb column_padding_position=\u00a0\u00bball\u00a0\u00bb column_element_direction_desktop=\u00a0\u00bbdefault\u00a0\u00bb column_element_spacing=\u00a0\u00bbdefault\u00a0\u00bb desktop_text_alignment=\u00a0\u00bbdefault\u00a0\u00bb tablet_text_alignment=\u00a0\u00bbdefault\u00a0\u00bb phone_text_alignment=\u00a0\u00bbdefault\u00a0\u00bb background_color_opacity=\u00a0\u00bb1&Prime; background_hover_color_opacity=\u00a0\u00bb1&Prime; column_backdrop_filter=\u00a0\u00bbnone\u00a0\u00bb column_shadow=\u00a0\u00bbnone\u00a0\u00bb column_border_radius=\u00a0\u00bbnone\u00a0\u00bb column_link_target=\u00a0\u00bb_self\u00a0\u00bb column_position=\u00a0\u00bbdefault\u00a0\u00bb gradient_direction=\u00a0\u00bbleft_to_right\u00a0\u00bb overlay_strength=\u00a0\u00bb0.3&Prime; width=\u00a0\u00bb1\/1&Prime; tablet_width_inherit=\u00a0\u00bbdefault\u00a0\u00bb animation_type=\u00a0\u00bbdefault\u00a0\u00bb bg_image_animation=\u00a0\u00bbnone\u00a0\u00bb border_type=\u00a0\u00bbsimple\u00a0\u00bb column_border_width=\u00a0\u00bbnone\u00a0\u00bb column_border_style=\u00a0\u00bbsolid\u00a0\u00bb][split_line_heading animation_type=\u00a0\u00bbdefault\u00a0\u00bb text_direction=\u00a0\u00bbdefault\u00a0\u00bb font_line_height=\u00a0\u00bb1.6&Prime; font_size=\u00a0\u00bb4rem\u00a0\u00bb]\n<h1>Adultes plus \u00e2g\u00e9s<\/h1>\n[\/split_line_heading][\/vc_column][\/vc_row][vc_row type=\u00a0\u00bbin_container\u00a0\u00bb full_screen_row_position=\u00a0\u00bbmiddle\u00a0\u00bb column_margin=\u00a0\u00bbdefault\u00a0\u00bb column_direction=\u00a0\u00bbdefault\u00a0\u00bb column_direction_tablet=\u00a0\u00bbdefault\u00a0\u00bb column_direction_phone=\u00a0\u00bbdefault\u00a0\u00bb scene_position=\u00a0\u00bbcenter\u00a0\u00bb top_padding=\u00a0\u00bb5%\u00a0\u00bb bottom_padding=\u00a0\u00bb5%\u00a0\u00bb text_color=\u00a0\u00bbdark\u00a0\u00bb text_align=\u00a0\u00bbleft\u00a0\u00bb row_border_radius=\u00a0\u00bbnone\u00a0\u00bb row_border_radius_applies=\u00a0\u00bbbg\u00a0\u00bb overflow=\u00a0\u00bbvisible\u00a0\u00bb overlay_strength=\u00a0\u00bb0.3&Prime; gradient_direction=\u00a0\u00bbleft_to_right\u00a0\u00bb shape_divider_position=\u00a0\u00bbbottom\u00a0\u00bb bg_image_animation=\u00a0\u00bbnone\u00a0\u00bb gradient_type=\u00a0\u00bbdefault\u00a0\u00bb shape_type=\u00a0\u00bb\u00a0\u00bb][vc_column column_padding=\u00a0\u00bbno-extra-padding\u00a0\u00bb column_padding_tablet=\u00a0\u00bbinherit\u00a0\u00bb column_padding_phone=\u00a0\u00bbinherit\u00a0\u00bb column_padding_position=\u00a0\u00bball\u00a0\u00bb column_element_direction_desktop=\u00a0\u00bbdefault\u00a0\u00bb column_element_spacing=\u00a0\u00bbdefault\u00a0\u00bb desktop_text_alignment=\u00a0\u00bbdefault\u00a0\u00bb tablet_text_alignment=\u00a0\u00bbdefault\u00a0\u00bb phone_text_alignment=\u00a0\u00bbdefault\u00a0\u00bb background_color_opacity=\u00a0\u00bb1&Prime; background_hover_color_opacity=\u00a0\u00bb1&Prime; column_backdrop_filter=\u00a0\u00bbnone\u00a0\u00bb column_shadow=\u00a0\u00bbnone\u00a0\u00bb column_border_radius=\u00a0\u00bbnone\u00a0\u00bb column_link_target=\u00a0\u00bb_self\u00a0\u00bb column_position=\u00a0\u00bbdefault\u00a0\u00bb gradient_direction=\u00a0\u00bbleft_to_right\u00a0\u00bb overlay_strength=\u00a0\u00bb0.3&Prime; width=\u00a0\u00bb1\/1&Prime; tablet_width_inherit=\u00a0\u00bbdefault\u00a0\u00bb animation_type=\u00a0\u00bbdefault\u00a0\u00bb bg_image_animation=\u00a0\u00bbnone\u00a0\u00bb border_type=\u00a0\u00bbsimple\u00a0\u00bb column_border_width=\u00a0\u00bbnone\u00a0\u00bb column_border_style=\u00a0\u00bbsolid\u00a0\u00bb][split_line_heading animation_type=\u00a0\u00bbline-reveal-by-space\u00a0\u00bb font_style=\u00a0\u00bbh3&Prime; line_reveal_by_space_text_effect=\u00a0\u00bbdefault\u00a0\u00bb content_alignment=\u00a0\u00bbdefault\u00a0\u00bb mobile_content_alignment=\u00a0\u00bbinherit\u00a0\u00bb link_target=\u00a0\u00bb_self\u00a0\u00bb text_content=\u00a0\u00bbPublications connexes\u00a0\u00bb text_direction=\u00a0\u00bbdefault\u00a0\u00bb][\/split_line_heading][vc_column_text css=\u00a0\u00bb\u00a0\u00bb text_direction=\u00a0\u00bbdefault\u00a0\u00bb]<div id=\"dlp_grid_9d1272df40dde196_1\" class=\"dlp-grid-container\"><header class=\"dlp-grid-header dlp-grid-above dlp-grid-controls\"><\/header><div class=\"dlp-grid-documents grid-columns columns-3\"><div class=\"dlp-grid-card dlp-document-participation-au-sport-selon-lage\"><div class=\"dlp-grid-card-inner\">\n<div class=\"dlp-grid-card-featured-img\">\n\n\t<a href=\"https:\/\/cflri.ca\/wp-content\/uploads\/2025\/03\/SP-by-age-FR-banner.jpg\"><img loading=\"lazy\" decoding=\"async\" width=\"1024\" height=\"328\" src=\"https:\/\/cflri.ca\/wp-content\/uploads\/2025\/03\/SP-by-age-FR-banner-1024x328.jpg\" class=\"\" alt=\"Participation au sport selon l\u2019\u00e2ge\" title=\"SP-by-age-FR-banner\" sizes=\"auto, (max-width: 530px) 1024px, 300px\" srcset=\"https:\/\/cflri.ca\/wp-content\/uploads\/2025\/03\/SP-by-age-FR-banner-1024x328.jpg 1024w, https:\/\/cflri.ca\/wp-content\/uploads\/2025\/03\/SP-by-age-FR-banner-300x96.jpg 300w\" data-caption=\"Participation au sport selon l\u2019\u00e2ge\" data-src=\"https:\/\/cflri.ca\/wp-content\/uploads\/2025\/03\/SP-by-age-FR-banner.jpg\" data-large_image=\"https:\/\/cflri.ca\/wp-content\/uploads\/2025\/03\/SP-by-age-FR-banner.jpg\" data-large_image_width=\"1560\" data-large_image_height=\"500\" \/><\/a>\n<\/div>\n<div class=\"dlp-grid-card-content\">\n<div class=\"dlp-grid-card-title\">\n\n\t<a href=\"https:\/\/cflri.ca\/fr\/publication\/participation-au-sport-selon-lage\/\" >Participation au sport selon l\u2019\u00e2ge<\/a>\n<\/div>\n\n<div class=\"dlp-grid-card-excerpt\">\n\tSelon l\u2019Enqu\u00eate sur la participation \u00e0 l\u2019activit\u00e9 physique et au sport 2024 de Leger, en collaboration avec l\u2019Institut canadien de la recherche sur la condition physique et le mode de vie, 27\u00a0% des adultes ont fait du sport au cours de l\u2019ann\u00e9e pr\u00e9c\u00e9dant l\u2019enqu\u00eate.<\/div>\n\n<div class=\"dlp-grid-card-document-link-wrap\">\n\n\t<a href=\"https:\/\/cflri.ca\/fr\/publication\/participation-au-sport-selon-lage\/\" class=\"dlp-download-link dlp-download-button document-library-pro-button button btn nectar-button regular regular-button accent-color dlp-single-link\" data-download-id=\"10690\" ><div class=\"dlp-icon download dlp-button-icon dlp-button-icon-text\"><svg xmlns=\"http:\/\/www.w3.org\/2000\/svg\" viewBox=\"0 0 512 512\" aria-label=\"T\u00e9l\u00e9charger\"><path fill=\"currentColor\" d=\"M216 0h80c13.3 0 24 10.7 24 24v168h87.7c17.8 0 26.7 21.5 14.1 34.1L269.7 378.3c-7.5 7.5-19.8 7.5-27.3 0L90.1 226.1c-12.6-12.6-3.7-34.1 14.1-34.1H192V24c0-13.3 10.7-24 24-24zm296 376v112c0 13.3-10.7 24-24 24H24c-13.3 0-24-10.7-24-24V376c0-13.3 10.7-24 24-24h146.7l49 49c20.1 20.1 52.5 20.1 72.6 0l49-49H488c13.3 0 24 10.7 24 24zm-124 88c0-11-9-20-20-20s-20 9-20 20 9 20 20 20 20-9 20-20zm64 0c0-11-9-20-20-20s-20 9-20 20 9 20 20 20 20-9 20-20z\"><\/path><\/svg><\/div><span>View<\/span><\/a>\n<\/div>\n<\/div><\/div><\/div><\/div><footer class=\"dlp-grid-footer dlp-grid-below dlp-grid-controls\"><div class=\"dlp-grid-pagination\"><\/div><\/footer><\/div>[\/vc_column_text][\/vc_column][\/vc_row]\n","protected":false},"excerpt":{"rendered":"<p>[vc_row type=\u00a0\u00bbfull_width_background\u00a0\u00bb full_screen_row_position=\u00a0\u00bbmiddle\u00a0\u00bb column_margin=\u00a0\u00bbdefault\u00a0\u00bb column_direction=\u00a0\u00bbdefault\u00a0\u00bb column_direction_tablet=\u00a0\u00bbdefault\u00a0\u00bb column_direction_phone=\u00a0\u00bbdefault\u00a0\u00bb bg_color=\u00a0\u00bb#333333&Prime; bg_image=\u00a0\u00bb7489&Prime; bg_position=\u00a0\u00bbcustom\u00a0\u00bb bg_position_x=\u00a0\u00bb50%\u00a0\u00bb bg_position_y=\u00a0\u00bb25%\u00a0\u00bb background_image_loading=\u00a0\u00bbdefault\u00a0\u00bb bg_repeat=\u00a0\u00bbno-repeat\u00a0\u00bb scene_position=\u00a0\u00bbcenter\u00a0\u00bb top_padding=\u00a0\u00bb300px\u00a0\u00bb bottom_padding=\u00a0\u00bb250px\u00a0\u00bb top_padding_tablet=\u00a0\u00bb25%\u00a0\u00bb constrain_group_3=\u00a0\u00bbyes\u00a0\u00bb bottom_padding_tablet=\u00a0\u00bb25%\u00a0\u00bb top_padding_phone=\u00a0\u00bb35%\u00a0\u00bb constrain_group_5=\u00a0\u00bbyes\u00a0\u00bb bottom_padding_phone=\u00a0\u00bb35%\u00a0\u00bb text_color=\u00a0\u00bblight\u00a0\u00bb text_align=\u00a0\u00bbcenter\u00a0\u00bb row_border_radius=\u00a0\u00bbnone\u00a0\u00bb row_border_radius_applies=\u00a0\u00bbbg\u00a0\u00bb overflow=\u00a0\u00bbvisible\u00a0\u00bb color_overlay=\u00a0\u00bbrgba(0,0,0,0.3)\u00a0\u00bb overlay_strength=\u00a0\u00bb1&Prime;&#8230;<\/p>\n","protected":false},"author":1,"featured_media":0,"parent":2558,"menu_order":0,"comment_status":"closed","ping_status":"closed","template":"","meta":{"footnotes":""},"class_list":["post-11063","page","type-page","status-publish"],"yoast_head":"<!-- This site is optimized with the Yoast SEO plugin v27.3 - https:\/\/yoast.com\/product\/yoast-seo-wordpress\/ -->\n<title>Adultes plus \u00e2g\u00e9s - Institut canadien de la recherche sur la condition physique et le mode de vie<\/title>\n<meta name=\"robots\" content=\"index, follow, max-snippet:-1, max-image-preview:large, max-video-preview:-1\" \/>\n<link rel=\"canonical\" href=\"https:\/\/cflri.ca\/fr\/en-vedette\/divers-groupes-de-population\/adultes-plus-ages\/\" \/>\n<meta property=\"og:locale\" content=\"fr_FR\" \/>\n<meta property=\"og:type\" content=\"article\" \/>\n<meta property=\"og:title\" content=\"Adultes plus \u00e2g\u00e9s - Institut canadien de la recherche sur la condition physique et le mode de vie\" \/>\n<meta property=\"og:description\" content=\"[vc_row type=\u00a0\u00bbfull_width_background\u00a0\u00bb full_screen_row_position=\u00a0\u00bbmiddle\u00a0\u00bb column_margin=\u00a0\u00bbdefault\u00a0\u00bb column_direction=\u00a0\u00bbdefault\u00a0\u00bb column_direction_tablet=\u00a0\u00bbdefault\u00a0\u00bb column_direction_phone=\u00a0\u00bbdefault\u00a0\u00bb bg_color=\u00a0\u00bb#333333&Prime; bg_image=\u00a0\u00bb7489&Prime; bg_position=\u00a0\u00bbcustom\u00a0\u00bb bg_position_x=\u00a0\u00bb50%\u00a0\u00bb bg_position_y=\u00a0\u00bb25%\u00a0\u00bb background_image_loading=\u00a0\u00bbdefault\u00a0\u00bb bg_repeat=\u00a0\u00bbno-repeat\u00a0\u00bb scene_position=\u00a0\u00bbcenter\u00a0\u00bb top_padding=\u00a0\u00bb300px\u00a0\u00bb bottom_padding=\u00a0\u00bb250px\u00a0\u00bb top_padding_tablet=\u00a0\u00bb25%\u00a0\u00bb constrain_group_3=\u00a0\u00bbyes\u00a0\u00bb bottom_padding_tablet=\u00a0\u00bb25%\u00a0\u00bb top_padding_phone=\u00a0\u00bb35%\u00a0\u00bb constrain_group_5=\u00a0\u00bbyes\u00a0\u00bb bottom_padding_phone=\u00a0\u00bb35%\u00a0\u00bb text_color=\u00a0\u00bblight\u00a0\u00bb text_align=\u00a0\u00bbcenter\u00a0\u00bb row_border_radius=\u00a0\u00bbnone\u00a0\u00bb row_border_radius_applies=\u00a0\u00bbbg\u00a0\u00bb overflow=\u00a0\u00bbvisible\u00a0\u00bb color_overlay=\u00a0\u00bbrgba(0,0,0,0.3)\u00a0\u00bb overlay_strength=\u00a0\u00bb1&Prime;...\" \/>\n<meta property=\"og:url\" content=\"https:\/\/cflri.ca\/fr\/en-vedette\/divers-groupes-de-population\/adultes-plus-ages\/\" \/>\n<meta property=\"og:site_name\" content=\"Institut canadien de la recherche sur la condition physique et le mode de vie\" \/>\n<meta property=\"article:publisher\" content=\"https:\/\/www.facebook.com\/cflri\/\" \/>\n<meta property=\"article:modified_time\" content=\"2025-09-10T16:03:15+00:00\" \/>\n<meta name=\"twitter:card\" content=\"summary_large_image\" \/>\n<meta name=\"twitter:site\" content=\"@cflri_icrcp\" \/>\n<meta name=\"twitter:label1\" content=\"Dur\u00e9e de lecture estim\u00e9e\" \/>\n\t<meta name=\"twitter:data1\" content=\"1 minute\" \/>\n<script type=\"application\/ld+json\" class=\"yoast-schema-graph\">{\"@context\":\"https:\\\/\\\/schema.org\",\"@graph\":[{\"@type\":\"WebPage\",\"@id\":\"https:\\\/\\\/cflri.ca\\\/fr\\\/en-vedette\\\/divers-groupes-de-population\\\/adultes-plus-ages\\\/\",\"url\":\"https:\\\/\\\/cflri.ca\\\/fr\\\/en-vedette\\\/divers-groupes-de-population\\\/adultes-plus-ages\\\/\",\"name\":\"Adultes plus \u00e2g\u00e9s - Institut canadien de la recherche sur la condition physique et le mode de vie\",\"isPartOf\":{\"@id\":\"https:\\\/\\\/cflri.ca\\\/fr\\\/#website\"},\"datePublished\":\"2024-04-08T21:04:48+00:00\",\"dateModified\":\"2025-09-10T16:03:15+00:00\",\"breadcrumb\":{\"@id\":\"https:\\\/\\\/cflri.ca\\\/fr\\\/en-vedette\\\/divers-groupes-de-population\\\/adultes-plus-ages\\\/#breadcrumb\"},\"inLanguage\":\"fr-FR\",\"potentialAction\":[{\"@type\":\"ReadAction\",\"target\":[\"https:\\\/\\\/cflri.ca\\\/fr\\\/en-vedette\\\/divers-groupes-de-population\\\/adultes-plus-ages\\\/\"]}]},{\"@type\":\"BreadcrumbList\",\"@id\":\"https:\\\/\\\/cflri.ca\\\/fr\\\/en-vedette\\\/divers-groupes-de-population\\\/adultes-plus-ages\\\/#breadcrumb\",\"itemListElement\":[{\"@type\":\"ListItem\",\"position\":1,\"name\":\"Home\",\"item\":\"https:\\\/\\\/cflri.ca\\\/fr\\\/\"},{\"@type\":\"ListItem\",\"position\":2,\"name\":\"En vedette\",\"item\":\"https:\\\/\\\/cflri.ca\\\/fr\\\/en-vedette\\\/\"},{\"@type\":\"ListItem\",\"position\":3,\"name\":\"Divers groupes de population\",\"item\":\"https:\\\/\\\/cflri.ca\\\/fr\\\/en-vedette\\\/divers-groupes-de-population\\\/\"},{\"@type\":\"ListItem\",\"position\":4,\"name\":\"Adultes plus \u00e2g\u00e9s\"}]},{\"@type\":\"WebSite\",\"@id\":\"https:\\\/\\\/cflri.ca\\\/fr\\\/#website\",\"url\":\"https:\\\/\\\/cflri.ca\\\/fr\\\/\",\"name\":\"CFLRI\",\"description\":\"\",\"publisher\":{\"@id\":\"https:\\\/\\\/cflri.ca\\\/fr\\\/#organization\"},\"potentialAction\":[{\"@type\":\"SearchAction\",\"target\":{\"@type\":\"EntryPoint\",\"urlTemplate\":\"https:\\\/\\\/cflri.ca\\\/fr\\\/?s={search_term_string}\"},\"query-input\":{\"@type\":\"PropertyValueSpecification\",\"valueRequired\":true,\"valueName\":\"search_term_string\"}}],\"inLanguage\":\"fr-FR\"},{\"@type\":\"Organization\",\"@id\":\"https:\\\/\\\/cflri.ca\\\/fr\\\/#organization\",\"name\":\"Canadian Fitness and Lifestyle Research Institute\",\"url\":\"https:\\\/\\\/cflri.ca\\\/fr\\\/\",\"logo\":{\"@type\":\"ImageObject\",\"inLanguage\":\"fr-FR\",\"@id\":\"https:\\\/\\\/cflri.ca\\\/fr\\\/#\\\/schema\\\/logo\\\/image\\\/\",\"url\":\"https:\\\/\\\/cflri.ca\\\/wp-content\\\/uploads\\\/2024\\\/02\\\/CFLRI-color-en-1000px.png\",\"contentUrl\":\"https:\\\/\\\/cflri.ca\\\/wp-content\\\/uploads\\\/2024\\\/02\\\/CFLRI-color-en-1000px.png\",\"width\":1000,\"height\":409,\"caption\":\"Canadian Fitness and Lifestyle Research Institute\"},\"image\":{\"@id\":\"https:\\\/\\\/cflri.ca\\\/fr\\\/#\\\/schema\\\/logo\\\/image\\\/\"},\"sameAs\":[\"https:\\\/\\\/www.facebook.com\\\/cflri\\\/\",\"https:\\\/\\\/x.com\\\/cflri_icrcp\"]}]}<\/script>\n<!-- \/ Yoast SEO plugin. -->","yoast_head_json":{"title":"Adultes plus \u00e2g\u00e9s - Institut canadien de la recherche sur la condition physique et le mode de vie","robots":{"index":"index","follow":"follow","max-snippet":"max-snippet:-1","max-image-preview":"max-image-preview:large","max-video-preview":"max-video-preview:-1"},"canonical":"https:\/\/cflri.ca\/fr\/en-vedette\/divers-groupes-de-population\/adultes-plus-ages\/","og_locale":"fr_FR","og_type":"article","og_title":"Adultes plus \u00e2g\u00e9s - Institut canadien de la recherche sur la condition physique et le mode de vie","og_description":"[vc_row type=\u00a0\u00bbfull_width_background\u00a0\u00bb full_screen_row_position=\u00a0\u00bbmiddle\u00a0\u00bb column_margin=\u00a0\u00bbdefault\u00a0\u00bb column_direction=\u00a0\u00bbdefault\u00a0\u00bb column_direction_tablet=\u00a0\u00bbdefault\u00a0\u00bb column_direction_phone=\u00a0\u00bbdefault\u00a0\u00bb bg_color=\u00a0\u00bb#333333&Prime; bg_image=\u00a0\u00bb7489&Prime; bg_position=\u00a0\u00bbcustom\u00a0\u00bb bg_position_x=\u00a0\u00bb50%\u00a0\u00bb bg_position_y=\u00a0\u00bb25%\u00a0\u00bb background_image_loading=\u00a0\u00bbdefault\u00a0\u00bb bg_repeat=\u00a0\u00bbno-repeat\u00a0\u00bb scene_position=\u00a0\u00bbcenter\u00a0\u00bb top_padding=\u00a0\u00bb300px\u00a0\u00bb bottom_padding=\u00a0\u00bb250px\u00a0\u00bb top_padding_tablet=\u00a0\u00bb25%\u00a0\u00bb constrain_group_3=\u00a0\u00bbyes\u00a0\u00bb bottom_padding_tablet=\u00a0\u00bb25%\u00a0\u00bb top_padding_phone=\u00a0\u00bb35%\u00a0\u00bb constrain_group_5=\u00a0\u00bbyes\u00a0\u00bb bottom_padding_phone=\u00a0\u00bb35%\u00a0\u00bb text_color=\u00a0\u00bblight\u00a0\u00bb text_align=\u00a0\u00bbcenter\u00a0\u00bb row_border_radius=\u00a0\u00bbnone\u00a0\u00bb row_border_radius_applies=\u00a0\u00bbbg\u00a0\u00bb overflow=\u00a0\u00bbvisible\u00a0\u00bb color_overlay=\u00a0\u00bbrgba(0,0,0,0.3)\u00a0\u00bb overlay_strength=\u00a0\u00bb1&Prime;...","og_url":"https:\/\/cflri.ca\/fr\/en-vedette\/divers-groupes-de-population\/adultes-plus-ages\/","og_site_name":"Institut canadien de la recherche sur la condition physique et le mode de vie","article_publisher":"https:\/\/www.facebook.com\/cflri\/","article_modified_time":"2025-09-10T16:03:15+00:00","twitter_card":"summary_large_image","twitter_site":"@cflri_icrcp","twitter_misc":{"Dur\u00e9e de lecture estim\u00e9e":"1 minute"},"schema":{"@context":"https:\/\/schema.org","@graph":[{"@type":"WebPage","@id":"https:\/\/cflri.ca\/fr\/en-vedette\/divers-groupes-de-population\/adultes-plus-ages\/","url":"https:\/\/cflri.ca\/fr\/en-vedette\/divers-groupes-de-population\/adultes-plus-ages\/","name":"Adultes plus \u00e2g\u00e9s - Institut canadien de la recherche sur la condition physique et le mode de vie","isPartOf":{"@id":"https:\/\/cflri.ca\/fr\/#website"},"datePublished":"2024-04-08T21:04:48+00:00","dateModified":"2025-09-10T16:03:15+00:00","breadcrumb":{"@id":"https:\/\/cflri.ca\/fr\/en-vedette\/divers-groupes-de-population\/adultes-plus-ages\/#breadcrumb"},"inLanguage":"fr-FR","potentialAction":[{"@type":"ReadAction","target":["https:\/\/cflri.ca\/fr\/en-vedette\/divers-groupes-de-population\/adultes-plus-ages\/"]}]},{"@type":"BreadcrumbList","@id":"https:\/\/cflri.ca\/fr\/en-vedette\/divers-groupes-de-population\/adultes-plus-ages\/#breadcrumb","itemListElement":[{"@type":"ListItem","position":1,"name":"Home","item":"https:\/\/cflri.ca\/fr\/"},{"@type":"ListItem","position":2,"name":"En vedette","item":"https:\/\/cflri.ca\/fr\/en-vedette\/"},{"@type":"ListItem","position":3,"name":"Divers groupes de population","item":"https:\/\/cflri.ca\/fr\/en-vedette\/divers-groupes-de-population\/"},{"@type":"ListItem","position":4,"name":"Adultes plus \u00e2g\u00e9s"}]},{"@type":"WebSite","@id":"https:\/\/cflri.ca\/fr\/#website","url":"https:\/\/cflri.ca\/fr\/","name":"CFLRI","description":"","publisher":{"@id":"https:\/\/cflri.ca\/fr\/#organization"},"potentialAction":[{"@type":"SearchAction","target":{"@type":"EntryPoint","urlTemplate":"https:\/\/cflri.ca\/fr\/?s={search_term_string}"},"query-input":{"@type":"PropertyValueSpecification","valueRequired":true,"valueName":"search_term_string"}}],"inLanguage":"fr-FR"},{"@type":"Organization","@id":"https:\/\/cflri.ca\/fr\/#organization","name":"Canadian Fitness and Lifestyle Research Institute","url":"https:\/\/cflri.ca\/fr\/","logo":{"@type":"ImageObject","inLanguage":"fr-FR","@id":"https:\/\/cflri.ca\/fr\/#\/schema\/logo\/image\/","url":"https:\/\/cflri.ca\/wp-content\/uploads\/2024\/02\/CFLRI-color-en-1000px.png","contentUrl":"https:\/\/cflri.ca\/wp-content\/uploads\/2024\/02\/CFLRI-color-en-1000px.png","width":1000,"height":409,"caption":"Canadian Fitness and Lifestyle Research Institute"},"image":{"@id":"https:\/\/cflri.ca\/fr\/#\/schema\/logo\/image\/"},"sameAs":["https:\/\/www.facebook.com\/cflri\/","https:\/\/x.com\/cflri_icrcp"]}]}},"_links":{"self":[{"href":"https:\/\/cflri.ca\/fr\/wp-json\/wp\/v2\/pages\/11063","targetHints":{"allow":["GET"]}}],"collection":[{"href":"https:\/\/cflri.ca\/fr\/wp-json\/wp\/v2\/pages"}],"about":[{"href":"https:\/\/cflri.ca\/fr\/wp-json\/wp\/v2\/types\/page"}],"author":[{"embeddable":true,"href":"https:\/\/cflri.ca\/fr\/wp-json\/wp\/v2\/users\/1"}],"replies":[{"embeddable":true,"href":"https:\/\/cflri.ca\/fr\/wp-json\/wp\/v2\/comments?post=11063"}],"version-history":[{"count":0,"href":"https:\/\/cflri.ca\/fr\/wp-json\/wp\/v2\/pages\/11063\/revisions"}],"up":[{"embeddable":true,"href":"https:\/\/cflri.ca\/fr\/wp-json\/wp\/v2\/pages\/2558"}],"wp:attachment":[{"href":"https:\/\/cflri.ca\/fr\/wp-json\/wp\/v2\/media?parent=11063"}],"curies":[{"name":"wp","href":"https:\/\/api.w.org\/{rel}","templated":true}]}}