{"id":2580,"date":"2024-02-23T16:43:08","date_gmt":"2024-02-23T21:43:08","guid":{"rendered":"https:\/\/cflri.ca\/?page_id=2580"},"modified":"2024-03-25T07:48:36","modified_gmt":"2024-03-25T11:48:36","slug":"etudes-fondees-sur-lorganisation","status":"publish","type":"page","link":"https:\/\/cflri.ca\/fr\/travaux-de-recherche\/etudes-fondees-sur-lorganisation\/","title":{"rendered":"\u00c9tudes fond\u00e9es sur les organisations"},"content":{"rendered":"[vc_row type=\u00a0\u00bbfull_width_background\u00a0\u00bb full_screen_row_position=\u00a0\u00bbmiddle\u00a0\u00bb column_margin=\u00a0\u00bbdefault\u00a0\u00bb column_direction=\u00a0\u00bbdefault\u00a0\u00bb column_direction_tablet=\u00a0\u00bbdefault\u00a0\u00bb column_direction_phone=\u00a0\u00bbdefault\u00a0\u00bb bg_color=\u00a0\u00bb#333333&Prime; bg_image=\u00a0\u00bb4012&Prime; bg_position=\u00a0\u00bbcustom\u00a0\u00bb bg_position_x=\u00a0\u00bb50%\u00a0\u00bb bg_position_y=\u00a0\u00bb40%\u00a0\u00bb background_image_loading=\u00a0\u00bbdefault\u00a0\u00bb bg_repeat=\u00a0\u00bbno-repeat\u00a0\u00bb scene_position=\u00a0\u00bbcenter\u00a0\u00bb top_padding=\u00a0\u00bb250px\u00a0\u00bb bottom_padding=\u00a0\u00bb200px\u00a0\u00bb top_padding_tablet=\u00a0\u00bb25%\u00a0\u00bb constrain_group_3=\u00a0\u00bbyes\u00a0\u00bb bottom_padding_tablet=\u00a0\u00bb25%\u00a0\u00bb top_padding_phone=\u00a0\u00bb35%\u00a0\u00bb constrain_group_5=\u00a0\u00bbyes\u00a0\u00bb bottom_padding_phone=\u00a0\u00bb35%\u00a0\u00bb text_color=\u00a0\u00bblight\u00a0\u00bb text_align=\u00a0\u00bbcenter\u00a0\u00bb row_border_radius=\u00a0\u00bbnone\u00a0\u00bb row_border_radius_applies=\u00a0\u00bbbg\u00a0\u00bb overflow=\u00a0\u00bbvisible\u00a0\u00bb color_overlay=\u00a0\u00bbrgba(0,0,0,0.3)\u00a0\u00bb overlay_strength=\u00a0\u00bb0.5&Prime; gradient_direction=\u00a0\u00bbleft_b_to_right_t\u00a0\u00bb shape_divider_position=\u00a0\u00bbbottom\u00a0\u00bb bg_image_animation=\u00a0\u00bbnone\u00a0\u00bb parallax_bg=\u00a0\u00bbtrue\u00a0\u00bb parallax_bg_speed=\u00a0\u00bbfast\u00a0\u00bb gradient_type=\u00a0\u00bbdefault\u00a0\u00bb shape_type=\u00a0\u00bbcurve\u00a0\u00bb][vc_column column_padding=\u00a0\u00bbno-extra-padding\u00a0\u00bb column_padding_tablet=\u00a0\u00bbinherit\u00a0\u00bb column_padding_phone=\u00a0\u00bbinherit\u00a0\u00bb column_padding_position=\u00a0\u00bball\u00a0\u00bb column_element_direction_desktop=\u00a0\u00bbdefault\u00a0\u00bb column_element_spacing=\u00a0\u00bbdefault\u00a0\u00bb desktop_text_alignment=\u00a0\u00bbdefault\u00a0\u00bb tablet_text_alignment=\u00a0\u00bbdefault\u00a0\u00bb phone_text_alignment=\u00a0\u00bbdefault\u00a0\u00bb background_color_opacity=\u00a0\u00bb1&Prime; background_hover_color_opacity=\u00a0\u00bb1&Prime; column_backdrop_filter=\u00a0\u00bbnone\u00a0\u00bb column_shadow=\u00a0\u00bbnone\u00a0\u00bb column_border_radius=\u00a0\u00bbnone\u00a0\u00bb column_link_target=\u00a0\u00bb_self\u00a0\u00bb column_position=\u00a0\u00bbdefault\u00a0\u00bb gradient_direction=\u00a0\u00bbleft_to_right\u00a0\u00bb overlay_strength=\u00a0\u00bb0.3&Prime; width=\u00a0\u00bb1\/1&Prime; tablet_width_inherit=\u00a0\u00bbdefault\u00a0\u00bb animation_type=\u00a0\u00bbdefault\u00a0\u00bb bg_image_animation=\u00a0\u00bbnone\u00a0\u00bb border_type=\u00a0\u00bbsimple\u00a0\u00bb column_border_width=\u00a0\u00bbnone\u00a0\u00bb column_border_style=\u00a0\u00bbsolid\u00a0\u00bb][split_line_heading animation_type=\u00a0\u00bbdefault\u00a0\u00bb text_direction=\u00a0\u00bbdefault\u00a0\u00bb font_line_height=\u00a0\u00bb1.6&Prime; font_size=\u00a0\u00bb4rem\u00a0\u00bb]\n<h1>\u00c9tudes fond\u00e9es sur les organisations<\/h1>\n[\/split_line_heading][\/vc_column][\/vc_row][vc_row type=\u00a0\u00bbin_container\u00a0\u00bb full_screen_row_position=\u00a0\u00bbmiddle\u00a0\u00bb column_margin=\u00a0\u00bbdefault\u00a0\u00bb column_direction=\u00a0\u00bbdefault\u00a0\u00bb column_direction_tablet=\u00a0\u00bbdefault\u00a0\u00bb column_direction_phone=\u00a0\u00bbdefault\u00a0\u00bb scene_position=\u00a0\u00bbcenter\u00a0\u00bb top_padding=\u00a0\u00bb5%\u00a0\u00bb bottom_padding=\u00a0\u00bb5%\u00a0\u00bb text_color=\u00a0\u00bbdark\u00a0\u00bb text_align=\u00a0\u00bbright\u00a0\u00bb row_border_radius=\u00a0\u00bbnone\u00a0\u00bb row_border_radius_applies=\u00a0\u00bbbg\u00a0\u00bb overflow=\u00a0\u00bbvisible\u00a0\u00bb overlay_strength=\u00a0\u00bb0.3&Prime; gradient_direction=\u00a0\u00bbleft_to_right\u00a0\u00bb shape_divider_position=\u00a0\u00bbbottom\u00a0\u00bb bg_image_animation=\u00a0\u00bbnone\u00a0\u00bb gradient_type=\u00a0\u00bbdefault\u00a0\u00bb shape_type=\u00a0\u00bb\u00a0\u00bb][vc_column column_padding=\u00a0\u00bbno-extra-padding\u00a0\u00bb column_padding_tablet=\u00a0\u00bbinherit\u00a0\u00bb column_padding_phone=\u00a0\u00bbinherit\u00a0\u00bb column_padding_position=\u00a0\u00bball\u00a0\u00bb column_element_direction_desktop=\u00a0\u00bbdefault\u00a0\u00bb column_element_spacing=\u00a0\u00bbdefault\u00a0\u00bb desktop_text_alignment=\u00a0\u00bbdefault\u00a0\u00bb tablet_text_alignment=\u00a0\u00bbdefault\u00a0\u00bb phone_text_alignment=\u00a0\u00bbdefault\u00a0\u00bb background_color_opacity=\u00a0\u00bb1&Prime; background_hover_color_opacity=\u00a0\u00bb1&Prime; column_backdrop_filter=\u00a0\u00bbnone\u00a0\u00bb column_shadow=\u00a0\u00bbnone\u00a0\u00bb column_border_radius=\u00a0\u00bbnone\u00a0\u00bb column_link_target=\u00a0\u00bb_self\u00a0\u00bb column_position=\u00a0\u00bbdefault\u00a0\u00bb gradient_direction=\u00a0\u00bbleft_to_right\u00a0\u00bb overlay_strength=\u00a0\u00bb0.3&Prime; width=\u00a0\u00bb1\/1&Prime; tablet_width_inherit=\u00a0\u00bbdefault\u00a0\u00bb animation_type=\u00a0\u00bbdefault\u00a0\u00bb bg_image_animation=\u00a0\u00bbnone\u00a0\u00bb border_type=\u00a0\u00bbsimple\u00a0\u00bb column_border_width=\u00a0\u00bbnone\u00a0\u00bb column_border_style=\u00a0\u00bbsolid\u00a0\u00bb][split_line_heading animation_type=\u00a0\u00bbline-reveal-by-space\u00a0\u00bb font_style=\u00a0\u00bbh1&Prime; text_color=\u00a0\u00bb#004fa3&Prime; line_reveal_by_space_text_effect=\u00a0\u00bbdefault\u00a0\u00bb content_alignment=\u00a0\u00bbdefault\u00a0\u00bb mobile_content_alignment=\u00a0\u00bbinherit\u00a0\u00bb link_target=\u00a0\u00bb_self\u00a0\u00bb text_direction=\u00a0\u00bbdefault\u00a0\u00bb text_content=\u00a0\u00bbBut\u00a0\u00bb][\/split_line_heading][divider line_type=\u00a0\u00bbFull Width Line\u00a0\u00bb line_thickness=\u00a0\u00bb1&Prime; divider_color=\u00a0\u00bbdefault\u00a0\u00bb custom_height=\u00a0\u00bb30&Prime;][vc_row_inner column_margin=\u00a0\u00bbdefault\u00a0\u00bb column_direction=\u00a0\u00bbdefault\u00a0\u00bb column_direction_tablet=\u00a0\u00bbdefault\u00a0\u00bb column_direction_phone=\u00a0\u00bbdefault\u00a0\u00bb top_padding=\u00a0\u00bb5%\u00a0\u00bb text_align=\u00a0\u00bbleft\u00a0\u00bb row_position=\u00a0\u00bbdefault\u00a0\u00bb row_position_tablet=\u00a0\u00bbinherit\u00a0\u00bb row_position_phone=\u00a0\u00bbinherit\u00a0\u00bb overflow=\u00a0\u00bbvisible\u00a0\u00bb pointer_events=\u00a0\u00bball\u00a0\u00bb][vc_column_inner column_padding=\u00a0\u00bbno-extra-padding\u00a0\u00bb column_padding_tablet=\u00a0\u00bbinherit\u00a0\u00bb column_padding_phone=\u00a0\u00bbinherit\u00a0\u00bb column_padding_position=\u00a0\u00bball\u00a0\u00bb column_element_direction_desktop=\u00a0\u00bbdefault\u00a0\u00bb column_element_spacing=\u00a0\u00bbdefault\u00a0\u00bb desktop_text_alignment=\u00a0\u00bbdefault\u00a0\u00bb tablet_text_alignment=\u00a0\u00bbdefault\u00a0\u00bb phone_text_alignment=\u00a0\u00bbdefault\u00a0\u00bb background_color_opacity=\u00a0\u00bb1&Prime; background_hover_color_opacity=\u00a0\u00bb1&Prime; column_backdrop_filter=\u00a0\u00bbnone\u00a0\u00bb column_shadow=\u00a0\u00bbnone\u00a0\u00bb column_border_radius=\u00a0\u00bbnone\u00a0\u00bb column_link_target=\u00a0\u00bb_self\u00a0\u00bb overflow=\u00a0\u00bbvisible\u00a0\u00bb gradient_direction=\u00a0\u00bbleft_to_right\u00a0\u00bb overlay_strength=\u00a0\u00bb0.3&Prime; width=\u00a0\u00bb1\/6&Prime; tablet_width_inherit=\u00a0\u00bbdefault\u00a0\u00bb animation_type=\u00a0\u00bbdefault\u00a0\u00bb bg_image_animation=\u00a0\u00bbnone\u00a0\u00bb border_type=\u00a0\u00bbsimple\u00a0\u00bb column_border_width=\u00a0\u00bbnone\u00a0\u00bb column_border_style=\u00a0\u00bbsolid\u00a0\u00bb][\/vc_column_inner][vc_column_inner column_padding=\u00a0\u00bbno-extra-padding\u00a0\u00bb column_padding_tablet=\u00a0\u00bbinherit\u00a0\u00bb column_padding_phone=\u00a0\u00bbinherit\u00a0\u00bb column_padding_position=\u00a0\u00bball\u00a0\u00bb column_element_direction_desktop=\u00a0\u00bbdefault\u00a0\u00bb column_element_spacing=\u00a0\u00bbdefault\u00a0\u00bb desktop_text_alignment=\u00a0\u00bbdefault\u00a0\u00bb tablet_text_alignment=\u00a0\u00bbdefault\u00a0\u00bb phone_text_alignment=\u00a0\u00bbdefault\u00a0\u00bb background_color_opacity=\u00a0\u00bb1&Prime; background_hover_color_opacity=\u00a0\u00bb1&Prime; column_backdrop_filter=\u00a0\u00bbnone\u00a0\u00bb column_shadow=\u00a0\u00bbnone\u00a0\u00bb column_border_radius=\u00a0\u00bbnone\u00a0\u00bb column_link_target=\u00a0\u00bb_self\u00a0\u00bb overflow=\u00a0\u00bbvisible\u00a0\u00bb gradient_direction=\u00a0\u00bbleft_to_right\u00a0\u00bb overlay_strength=\u00a0\u00bb0.3&Prime; width=\u00a0\u00bb2\/3&Prime; tablet_width_inherit=\u00a0\u00bbdefault\u00a0\u00bb animation_type=\u00a0\u00bbdefault\u00a0\u00bb bg_image_animation=\u00a0\u00bbnone\u00a0\u00bb border_type=\u00a0\u00bbsimple\u00a0\u00bb column_border_width=\u00a0\u00bbnone\u00a0\u00bb column_border_style=\u00a0\u00bbsolid\u00a0\u00bb][vc_column_text text_direction=\u00a0\u00bbdefault\u00a0\u00bb]Les \u00e9tudes fond\u00e9es sur les organisations de l\u2019Institut canadien de la recherche sur la condition physique et le mode de vie sont des \u00e9tudes qui \u00e9valuent les occasions de faire de l\u2019activit\u00e9 physique et du sport au sein des principales organisations : organisations sportives de niveau national, provincial, territorial et local et les organisations r\u00e9cr\u00e9atives. Les donn\u00e9es sont fond\u00e9es sur les questions pos\u00e9es aux administrateurs cl\u00e9s de ces organisations. Les \u00e9tudes fond\u00e9es sur les organisations sont un \u00e9l\u00e9ment important du Programme de surveillance de l\u2019activit\u00e9 physique et sportive (PSAPS) de l\u2019ICRCP, et elles fournissent de l\u2019information critique \u00e0 propos de la gouvernance, des politiques, des programmes, des installations et du r\u00f4le de ces organisations en tant qu\u2019interm\u00e9diaires au soutien de l\u2019activit\u00e9 physique et du sport. Ces \u00e9tudes sont men\u00e9es en ligne.<strong> Restez \u00e0 l\u2019\u00e9coute pour de l\u2019information suppl\u00e9mentaire sur ces sondages au fur et \u00e0 mesure que les donn\u00e9es sont accessibles!<\/strong>[\/vc_column_text][\/vc_column_inner][vc_column_inner column_padding=\u00a0\u00bbno-extra-padding\u00a0\u00bb column_padding_tablet=\u00a0\u00bbinherit\u00a0\u00bb column_padding_phone=\u00a0\u00bbinherit\u00a0\u00bb column_padding_position=\u00a0\u00bball\u00a0\u00bb column_element_direction_desktop=\u00a0\u00bbdefault\u00a0\u00bb column_element_spacing=\u00a0\u00bbdefault\u00a0\u00bb desktop_text_alignment=\u00a0\u00bbdefault\u00a0\u00bb tablet_text_alignment=\u00a0\u00bbdefault\u00a0\u00bb phone_text_alignment=\u00a0\u00bbdefault\u00a0\u00bb background_color_opacity=\u00a0\u00bb1&Prime; background_hover_color_opacity=\u00a0\u00bb1&Prime; column_backdrop_filter=\u00a0\u00bbnone\u00a0\u00bb column_shadow=\u00a0\u00bbnone\u00a0\u00bb column_border_radius=\u00a0\u00bbnone\u00a0\u00bb column_link_target=\u00a0\u00bb_self\u00a0\u00bb overflow=\u00a0\u00bbvisible\u00a0\u00bb gradient_direction=\u00a0\u00bbleft_to_right\u00a0\u00bb overlay_strength=\u00a0\u00bb0.3&Prime; width=\u00a0\u00bb1\/6&Prime; tablet_width_inherit=\u00a0\u00bbdefault\u00a0\u00bb animation_type=\u00a0\u00bbdefault\u00a0\u00bb bg_image_animation=\u00a0\u00bbnone\u00a0\u00bb border_type=\u00a0\u00bbsimple\u00a0\u00bb column_border_width=\u00a0\u00bbnone\u00a0\u00bb column_border_style=\u00a0\u00bbsolid\u00a0\u00bb][\/vc_column_inner][\/vc_row_inner][\/vc_column][\/vc_row]\n","protected":false},"excerpt":{"rendered":"<p>[vc_row type=\u00a0\u00bbfull_width_background\u00a0\u00bb full_screen_row_position=\u00a0\u00bbmiddle\u00a0\u00bb column_margin=\u00a0\u00bbdefault\u00a0\u00bb column_direction=\u00a0\u00bbdefault\u00a0\u00bb column_direction_tablet=\u00a0\u00bbdefault\u00a0\u00bb column_direction_phone=\u00a0\u00bbdefault\u00a0\u00bb bg_color=\u00a0\u00bb#333333&Prime; bg_image=\u00a0\u00bb4012&Prime; bg_position=\u00a0\u00bbcustom\u00a0\u00bb bg_position_x=\u00a0\u00bb50%\u00a0\u00bb bg_position_y=\u00a0\u00bb40%\u00a0\u00bb background_image_loading=\u00a0\u00bbdefault\u00a0\u00bb bg_repeat=\u00a0\u00bbno-repeat\u00a0\u00bb scene_position=\u00a0\u00bbcenter\u00a0\u00bb top_padding=\u00a0\u00bb250px\u00a0\u00bb bottom_padding=\u00a0\u00bb200px\u00a0\u00bb top_padding_tablet=\u00a0\u00bb25%\u00a0\u00bb constrain_group_3=\u00a0\u00bbyes\u00a0\u00bb bottom_padding_tablet=\u00a0\u00bb25%\u00a0\u00bb top_padding_phone=\u00a0\u00bb35%\u00a0\u00bb constrain_group_5=\u00a0\u00bbyes\u00a0\u00bb bottom_padding_phone=\u00a0\u00bb35%\u00a0\u00bb text_color=\u00a0\u00bblight\u00a0\u00bb text_align=\u00a0\u00bbcenter\u00a0\u00bb row_border_radius=\u00a0\u00bbnone\u00a0\u00bb row_border_radius_applies=\u00a0\u00bbbg\u00a0\u00bb overflow=\u00a0\u00bbvisible\u00a0\u00bb color_overlay=\u00a0\u00bbrgba(0,0,0,0.3)\u00a0\u00bb overlay_strength=\u00a0\u00bb0.5&Prime;&#8230;<\/p>\n","protected":false},"author":1,"featured_media":0,"parent":2573,"menu_order":700,"comment_status":"closed","ping_status":"closed","template":"","meta":{"footnotes":""},"class_list":["post-2580","page","type-page","status-publish"],"yoast_head":"<!-- This site is optimized with the Yoast SEO plugin v27.3 - https:\/\/yoast.com\/product\/yoast-seo-wordpress\/ -->\n<title>\u00c9tudes fond\u00e9es sur les organisations - Institut canadien de la recherche sur la condition physique et le mode de vie<\/title>\n<meta name=\"robots\" content=\"index, follow, max-snippet:-1, max-image-preview:large, max-video-preview:-1\" \/>\n<link rel=\"canonical\" href=\"https:\/\/cflri.ca\/fr\/travaux-de-recherche\/etudes-fondees-sur-lorganisation\/\" \/>\n<meta property=\"og:locale\" content=\"fr_FR\" \/>\n<meta property=\"og:type\" content=\"article\" \/>\n<meta property=\"og:title\" content=\"\u00c9tudes fond\u00e9es sur les organisations - Institut canadien de la recherche sur la condition physique et le mode de vie\" \/>\n<meta property=\"og:description\" content=\"[vc_row type=\u00a0\u00bbfull_width_background\u00a0\u00bb full_screen_row_position=\u00a0\u00bbmiddle\u00a0\u00bb column_margin=\u00a0\u00bbdefault\u00a0\u00bb column_direction=\u00a0\u00bbdefault\u00a0\u00bb column_direction_tablet=\u00a0\u00bbdefault\u00a0\u00bb column_direction_phone=\u00a0\u00bbdefault\u00a0\u00bb bg_color=\u00a0\u00bb#333333&Prime; bg_image=\u00a0\u00bb4012&Prime; bg_position=\u00a0\u00bbcustom\u00a0\u00bb bg_position_x=\u00a0\u00bb50%\u00a0\u00bb bg_position_y=\u00a0\u00bb40%\u00a0\u00bb background_image_loading=\u00a0\u00bbdefault\u00a0\u00bb bg_repeat=\u00a0\u00bbno-repeat\u00a0\u00bb scene_position=\u00a0\u00bbcenter\u00a0\u00bb top_padding=\u00a0\u00bb250px\u00a0\u00bb bottom_padding=\u00a0\u00bb200px\u00a0\u00bb top_padding_tablet=\u00a0\u00bb25%\u00a0\u00bb constrain_group_3=\u00a0\u00bbyes\u00a0\u00bb bottom_padding_tablet=\u00a0\u00bb25%\u00a0\u00bb top_padding_phone=\u00a0\u00bb35%\u00a0\u00bb constrain_group_5=\u00a0\u00bbyes\u00a0\u00bb bottom_padding_phone=\u00a0\u00bb35%\u00a0\u00bb text_color=\u00a0\u00bblight\u00a0\u00bb text_align=\u00a0\u00bbcenter\u00a0\u00bb row_border_radius=\u00a0\u00bbnone\u00a0\u00bb row_border_radius_applies=\u00a0\u00bbbg\u00a0\u00bb overflow=\u00a0\u00bbvisible\u00a0\u00bb color_overlay=\u00a0\u00bbrgba(0,0,0,0.3)\u00a0\u00bb overlay_strength=\u00a0\u00bb0.5&Prime;...\" \/>\n<meta property=\"og:url\" content=\"https:\/\/cflri.ca\/fr\/travaux-de-recherche\/etudes-fondees-sur-lorganisation\/\" \/>\n<meta property=\"og:site_name\" content=\"Institut canadien de la recherche sur la condition physique et le mode de vie\" \/>\n<meta property=\"article:publisher\" content=\"https:\/\/www.facebook.com\/cflri\/\" \/>\n<meta property=\"article:modified_time\" content=\"2024-03-25T11:48:36+00:00\" \/>\n<meta name=\"twitter:card\" content=\"summary_large_image\" \/>\n<meta name=\"twitter:site\" content=\"@cflri_icrcp\" \/>\n<meta name=\"twitter:label1\" content=\"Dur\u00e9e de lecture estim\u00e9e\" \/>\n\t<meta name=\"twitter:data1\" content=\"2 minutes\" \/>\n<script type=\"application\/ld+json\" class=\"yoast-schema-graph\">{\"@context\":\"https:\\\/\\\/schema.org\",\"@graph\":[{\"@type\":\"WebPage\",\"@id\":\"https:\\\/\\\/cflri.ca\\\/fr\\\/travaux-de-recherche\\\/etudes-fondees-sur-lorganisation\\\/\",\"url\":\"https:\\\/\\\/cflri.ca\\\/fr\\\/travaux-de-recherche\\\/etudes-fondees-sur-lorganisation\\\/\",\"name\":\"\u00c9tudes fond\u00e9es sur les organisations - Institut canadien de la recherche sur la condition physique et le mode de vie\",\"isPartOf\":{\"@id\":\"https:\\\/\\\/cflri.ca\\\/fr\\\/#website\"},\"datePublished\":\"2024-02-23T21:43:08+00:00\",\"dateModified\":\"2024-03-25T11:48:36+00:00\",\"breadcrumb\":{\"@id\":\"https:\\\/\\\/cflri.ca\\\/fr\\\/travaux-de-recherche\\\/etudes-fondees-sur-lorganisation\\\/#breadcrumb\"},\"inLanguage\":\"fr-FR\",\"potentialAction\":[{\"@type\":\"ReadAction\",\"target\":[\"https:\\\/\\\/cflri.ca\\\/fr\\\/travaux-de-recherche\\\/etudes-fondees-sur-lorganisation\\\/\"]}]},{\"@type\":\"BreadcrumbList\",\"@id\":\"https:\\\/\\\/cflri.ca\\\/fr\\\/travaux-de-recherche\\\/etudes-fondees-sur-lorganisation\\\/#breadcrumb\",\"itemListElement\":[{\"@type\":\"ListItem\",\"position\":1,\"name\":\"Home\",\"item\":\"https:\\\/\\\/cflri.ca\\\/fr\\\/\"},{\"@type\":\"ListItem\",\"position\":2,\"name\":\"Travaux de recherche\",\"item\":\"https:\\\/\\\/cflri.ca\\\/fr\\\/research-studies\\\/\"},{\"@type\":\"ListItem\",\"position\":3,\"name\":\"\u00c9tudes fond\u00e9es sur les organisations\"}]},{\"@type\":\"WebSite\",\"@id\":\"https:\\\/\\\/cflri.ca\\\/fr\\\/#website\",\"url\":\"https:\\\/\\\/cflri.ca\\\/fr\\\/\",\"name\":\"CFLRI\",\"description\":\"\",\"publisher\":{\"@id\":\"https:\\\/\\\/cflri.ca\\\/fr\\\/#organization\"},\"potentialAction\":[{\"@type\":\"SearchAction\",\"target\":{\"@type\":\"EntryPoint\",\"urlTemplate\":\"https:\\\/\\\/cflri.ca\\\/fr\\\/?s={search_term_string}\"},\"query-input\":{\"@type\":\"PropertyValueSpecification\",\"valueRequired\":true,\"valueName\":\"search_term_string\"}}],\"inLanguage\":\"fr-FR\"},{\"@type\":\"Organization\",\"@id\":\"https:\\\/\\\/cflri.ca\\\/fr\\\/#organization\",\"name\":\"Canadian Fitness and Lifestyle Research Institute\",\"url\":\"https:\\\/\\\/cflri.ca\\\/fr\\\/\",\"logo\":{\"@type\":\"ImageObject\",\"inLanguage\":\"fr-FR\",\"@id\":\"https:\\\/\\\/cflri.ca\\\/fr\\\/#\\\/schema\\\/logo\\\/image\\\/\",\"url\":\"https:\\\/\\\/cflri.ca\\\/wp-content\\\/uploads\\\/2024\\\/02\\\/CFLRI-color-en-1000px.png\",\"contentUrl\":\"https:\\\/\\\/cflri.ca\\\/wp-content\\\/uploads\\\/2024\\\/02\\\/CFLRI-color-en-1000px.png\",\"width\":1000,\"height\":409,\"caption\":\"Canadian Fitness and Lifestyle Research Institute\"},\"image\":{\"@id\":\"https:\\\/\\\/cflri.ca\\\/fr\\\/#\\\/schema\\\/logo\\\/image\\\/\"},\"sameAs\":[\"https:\\\/\\\/www.facebook.com\\\/cflri\\\/\",\"https:\\\/\\\/x.com\\\/cflri_icrcp\"]}]}<\/script>\n<!-- \/ Yoast SEO plugin. -->","yoast_head_json":{"title":"\u00c9tudes fond\u00e9es sur les organisations - Institut canadien de la recherche sur la condition physique et le mode de vie","robots":{"index":"index","follow":"follow","max-snippet":"max-snippet:-1","max-image-preview":"max-image-preview:large","max-video-preview":"max-video-preview:-1"},"canonical":"https:\/\/cflri.ca\/fr\/travaux-de-recherche\/etudes-fondees-sur-lorganisation\/","og_locale":"fr_FR","og_type":"article","og_title":"\u00c9tudes fond\u00e9es sur les organisations - Institut canadien de la recherche sur la condition physique et le mode de vie","og_description":"[vc_row type=\u00a0\u00bbfull_width_background\u00a0\u00bb full_screen_row_position=\u00a0\u00bbmiddle\u00a0\u00bb column_margin=\u00a0\u00bbdefault\u00a0\u00bb column_direction=\u00a0\u00bbdefault\u00a0\u00bb column_direction_tablet=\u00a0\u00bbdefault\u00a0\u00bb column_direction_phone=\u00a0\u00bbdefault\u00a0\u00bb bg_color=\u00a0\u00bb#333333&Prime; bg_image=\u00a0\u00bb4012&Prime; bg_position=\u00a0\u00bbcustom\u00a0\u00bb bg_position_x=\u00a0\u00bb50%\u00a0\u00bb bg_position_y=\u00a0\u00bb40%\u00a0\u00bb background_image_loading=\u00a0\u00bbdefault\u00a0\u00bb bg_repeat=\u00a0\u00bbno-repeat\u00a0\u00bb scene_position=\u00a0\u00bbcenter\u00a0\u00bb top_padding=\u00a0\u00bb250px\u00a0\u00bb bottom_padding=\u00a0\u00bb200px\u00a0\u00bb top_padding_tablet=\u00a0\u00bb25%\u00a0\u00bb constrain_group_3=\u00a0\u00bbyes\u00a0\u00bb bottom_padding_tablet=\u00a0\u00bb25%\u00a0\u00bb top_padding_phone=\u00a0\u00bb35%\u00a0\u00bb constrain_group_5=\u00a0\u00bbyes\u00a0\u00bb bottom_padding_phone=\u00a0\u00bb35%\u00a0\u00bb text_color=\u00a0\u00bblight\u00a0\u00bb text_align=\u00a0\u00bbcenter\u00a0\u00bb row_border_radius=\u00a0\u00bbnone\u00a0\u00bb row_border_radius_applies=\u00a0\u00bbbg\u00a0\u00bb overflow=\u00a0\u00bbvisible\u00a0\u00bb color_overlay=\u00a0\u00bbrgba(0,0,0,0.3)\u00a0\u00bb overlay_strength=\u00a0\u00bb0.5&Prime;...","og_url":"https:\/\/cflri.ca\/fr\/travaux-de-recherche\/etudes-fondees-sur-lorganisation\/","og_site_name":"Institut canadien de la recherche sur la condition physique et le mode de vie","article_publisher":"https:\/\/www.facebook.com\/cflri\/","article_modified_time":"2024-03-25T11:48:36+00:00","twitter_card":"summary_large_image","twitter_site":"@cflri_icrcp","twitter_misc":{"Dur\u00e9e de lecture estim\u00e9e":"2 minutes"},"schema":{"@context":"https:\/\/schema.org","@graph":[{"@type":"WebPage","@id":"https:\/\/cflri.ca\/fr\/travaux-de-recherche\/etudes-fondees-sur-lorganisation\/","url":"https:\/\/cflri.ca\/fr\/travaux-de-recherche\/etudes-fondees-sur-lorganisation\/","name":"\u00c9tudes fond\u00e9es sur les organisations - Institut canadien de la recherche sur la condition physique et le mode de vie","isPartOf":{"@id":"https:\/\/cflri.ca\/fr\/#website"},"datePublished":"2024-02-23T21:43:08+00:00","dateModified":"2024-03-25T11:48:36+00:00","breadcrumb":{"@id":"https:\/\/cflri.ca\/fr\/travaux-de-recherche\/etudes-fondees-sur-lorganisation\/#breadcrumb"},"inLanguage":"fr-FR","potentialAction":[{"@type":"ReadAction","target":["https:\/\/cflri.ca\/fr\/travaux-de-recherche\/etudes-fondees-sur-lorganisation\/"]}]},{"@type":"BreadcrumbList","@id":"https:\/\/cflri.ca\/fr\/travaux-de-recherche\/etudes-fondees-sur-lorganisation\/#breadcrumb","itemListElement":[{"@type":"ListItem","position":1,"name":"Home","item":"https:\/\/cflri.ca\/fr\/"},{"@type":"ListItem","position":2,"name":"Travaux de recherche","item":"https:\/\/cflri.ca\/fr\/research-studies\/"},{"@type":"ListItem","position":3,"name":"\u00c9tudes fond\u00e9es sur les organisations"}]},{"@type":"WebSite","@id":"https:\/\/cflri.ca\/fr\/#website","url":"https:\/\/cflri.ca\/fr\/","name":"CFLRI","description":"","publisher":{"@id":"https:\/\/cflri.ca\/fr\/#organization"},"potentialAction":[{"@type":"SearchAction","target":{"@type":"EntryPoint","urlTemplate":"https:\/\/cflri.ca\/fr\/?s={search_term_string}"},"query-input":{"@type":"PropertyValueSpecification","valueRequired":true,"valueName":"search_term_string"}}],"inLanguage":"fr-FR"},{"@type":"Organization","@id":"https:\/\/cflri.ca\/fr\/#organization","name":"Canadian Fitness and Lifestyle Research Institute","url":"https:\/\/cflri.ca\/fr\/","logo":{"@type":"ImageObject","inLanguage":"fr-FR","@id":"https:\/\/cflri.ca\/fr\/#\/schema\/logo\/image\/","url":"https:\/\/cflri.ca\/wp-content\/uploads\/2024\/02\/CFLRI-color-en-1000px.png","contentUrl":"https:\/\/cflri.ca\/wp-content\/uploads\/2024\/02\/CFLRI-color-en-1000px.png","width":1000,"height":409,"caption":"Canadian Fitness and Lifestyle Research Institute"},"image":{"@id":"https:\/\/cflri.ca\/fr\/#\/schema\/logo\/image\/"},"sameAs":["https:\/\/www.facebook.com\/cflri\/","https:\/\/x.com\/cflri_icrcp"]}]}},"_links":{"self":[{"href":"https:\/\/cflri.ca\/fr\/wp-json\/wp\/v2\/pages\/2580","targetHints":{"allow":["GET"]}}],"collection":[{"href":"https:\/\/cflri.ca\/fr\/wp-json\/wp\/v2\/pages"}],"about":[{"href":"https:\/\/cflri.ca\/fr\/wp-json\/wp\/v2\/types\/page"}],"author":[{"embeddable":true,"href":"https:\/\/cflri.ca\/fr\/wp-json\/wp\/v2\/users\/1"}],"replies":[{"embeddable":true,"href":"https:\/\/cflri.ca\/fr\/wp-json\/wp\/v2\/comments?post=2580"}],"version-history":[{"count":0,"href":"https:\/\/cflri.ca\/fr\/wp-json\/wp\/v2\/pages\/2580\/revisions"}],"up":[{"embeddable":true,"href":"https:\/\/cflri.ca\/fr\/wp-json\/wp\/v2\/pages\/2573"}],"wp:attachment":[{"href":"https:\/\/cflri.ca\/fr\/wp-json\/wp\/v2\/media?parent=2580"}],"curies":[{"name":"wp","href":"https:\/\/api.w.org\/{rel}","templated":true}]}}